{"id":1726,"date":"2025-05-14T20:04:11","date_gmt":"2025-05-14T18:04:11","guid":{"rendered":"https:\/\/ttp-organisation.org\/?post_type=product&#038;p=1726"},"modified":"2026-03-27T20:13:43","modified_gmt":"2026-03-27T19:13:43","slug":"mallorca-classic-2026","status":"publish","type":"product","link":"https:\/\/ttp-organisation.org\/index.php\/produit\/mallorca-classic-2026\/","title":{"rendered":"Mallorca Classic 2026"},"content":{"rendered":"<p>D\u00e9couvrez le programme : <a href=\"https:\/\/ttp-organisation.org\/wp-content\/uploads\/2025\/05\/Programme-previsionnel.pdf\">Mallorca Classic 2026<\/a><br \/>\nT\u00e9l\u00e9chargez le : <a href=\"https:\/\/ttp-organisation.org\/wp-content\/uploads\/2025\/10\/BULLETIN-DINSCRIPTION.pdf\">Bulletin d&rsquo;inscription<\/a><\/p>\n","protected":false},"excerpt":{"rendered":"<p>Total des droits d\u2019engagement : 6500\u20ac<\/p>\n<ul>\n<li>1er acompte de 1700\u20ac d\u00e8s l&rsquo;inscription (pr\u00e9inscription)<\/li>\n<li>2\u00e8me acompte de 1800\u20ac au 31 janvier 2026<\/li>\n<li>Le solde de 3000\u20ac au 30 mars 2026<\/li>\n<\/ul>\n<p>Cet engagement couvre la prise en charge de l&rsquo;\u00e9quipage de 2 personnes en pension compl\u00e8te pour la dur\u00e9e de l&rsquo;\u00e9preuve, <strong>du samedi 23<\/strong> <strong>mai 2026<\/strong>, travers\u00e9e en ferry aller et retour, en cabine ext\u00e9rieur, <strong>au samedi 30 mai 2026<\/strong> au matin (tous les repas et petits d\u00e9jeuner), plaques rallye, road book, stickers, assistance m\u00e9dicale, m\u00e9canique.<\/p>\n<p>Ne sont pas compris : le carburant et les taxes autorouti\u00e8res.<\/p>\n<p><em>En cas d&rsquo;annulation re\u00e7ue apr\u00e8s le 10 f\u00e9vrier 2026, aucun r\u00e8glement ne pourra \u00eatre restitu\u00e9 ou report\u00e9. Les premiers 1700\u20ac correspondants aux frais de dossier ne seront pas restitu\u00e9s.\u00a0<\/em><\/p>\n<p><strong>D\u00e9couvrez le programme et t\u00e9l\u00e9chargez le bulletin d&rsquo;inscription (en description).\u00a0 \u2193<\/strong><\/p>\n","protected":false},"featured_media":1725,"template":"","meta":[],"product_brand":[],"product_cat":[17],"product_tag":[],"class_list":{"0":"post-1726","1":"product","2":"type-product","3":"status-publish","4":"has-post-thumbnail","6":"product_cat-non-classe","8":"first","9":"instock","10":"taxable","11":"shipping-taxable","12":"purchasable","13":"product-type-variable"},"yoast_head":"<!-- This site is optimized with the Yoast SEO plugin v27.1.1 - https:\/\/yoast.com\/product\/yoast-seo-wordpress\/ -->\n<title>Mallorca Classic 2026 - TTP Organisation<\/title>\n<meta name=\"robots\" content=\"index, follow, max-snippet:-1, max-image-preview:large, max-video-preview:-1\" \/>\n<link rel=\"canonical\" href=\"https:\/\/ttp-organisation.org\/index.php\/produit\/mallorca-classic-2026\/\" \/>\n<meta property=\"og:locale\" content=\"fr_FR\" \/>\n<meta property=\"og:type\" content=\"article\" \/>\n<meta property=\"og:title\" content=\"Mallorca Classic 2026 - TTP Organisation\" \/>\n<meta property=\"og:description\" content=\"Total des droits d\u2019engagement : 6500\u20ac   1er acompte de 1700\u20ac d\u00e8s l&#039;inscription (pr\u00e9inscription)  2\u00e8me acompte de 1800\u20ac au 31 janvier 2026  Le solde de 3000\u20ac au 30 mars 2026  Cet engagement couvre la prise en charge de l&#039;\u00e9quipage de 2 personnes en pension compl\u00e8te pour la dur\u00e9e de l&#039;\u00e9preuve, du samedi 23 mai 2026, travers\u00e9e en ferry aller et retour, en cabine ext\u00e9rieur, au samedi 30 mai 2026 au matin (tous les repas et petits d\u00e9jeuner), plaques rallye, road book, stickers, assistance m\u00e9dicale, m\u00e9canique.  Ne sont pas compris : le carburant et les taxes autorouti\u00e8res.  En cas d&#039;annulation re\u00e7ue apr\u00e8s le 10 f\u00e9vrier 2026, aucun r\u00e8glement ne pourra \u00eatre restitu\u00e9 ou report\u00e9. Les premiers 1700\u20ac correspondants aux frais de dossier ne seront pas restitu\u00e9s.\u00a0  D\u00e9couvrez le programme et t\u00e9l\u00e9chargez le bulletin d&#039;inscription (en description).\u00a0 \u2193\" \/>\n<meta property=\"og:url\" content=\"https:\/\/ttp-organisation.org\/index.php\/produit\/mallorca-classic-2026\/\" \/>\n<meta property=\"og:site_name\" content=\"TTP Organisation\" \/>\n<meta property=\"article:modified_time\" content=\"2026-03-27T19:13:43+00:00\" \/>\n<meta property=\"og:image\" content=\"https:\/\/ttp-organisation.org\/wp-content\/uploads\/2025\/05\/Capture-decran-2025-05-14-a-19.47.45.png\" \/>\n\t<meta property=\"og:image:width\" content=\"624\" \/>\n\t<meta property=\"og:image:height\" content=\"625\" \/>\n\t<meta property=\"og:image:type\" content=\"image\/png\" \/>\n<meta name=\"twitter:card\" content=\"summary_large_image\" \/>\n<meta name=\"twitter:label1\" content=\"Dur\u00e9e de lecture estim\u00e9e\" \/>\n\t<meta name=\"twitter:data1\" content=\"1 minute\" \/>\n<script type=\"application\/ld+json\" class=\"yoast-schema-graph\">{\"@context\":\"https:\/\/schema.org\",\"@graph\":[{\"@type\":\"WebPage\",\"@id\":\"https:\/\/ttp-organisation.org\/index.php\/produit\/mallorca-classic-2026\/\",\"url\":\"https:\/\/ttp-organisation.org\/index.php\/produit\/mallorca-classic-2026\/\",\"name\":\"Mallorca Classic 2026 - TTP Organisation\",\"isPartOf\":{\"@id\":\"https:\/\/ttp-organisation.org\/#website\"},\"primaryImageOfPage\":{\"@id\":\"https:\/\/ttp-organisation.org\/index.php\/produit\/mallorca-classic-2026\/#primaryimage\"},\"image\":{\"@id\":\"https:\/\/ttp-organisation.org\/index.php\/produit\/mallorca-classic-2026\/#primaryimage\"},\"thumbnailUrl\":\"https:\/\/ttp-organisation.org\/wp-content\/uploads\/2025\/05\/Capture-decran-2025-05-14-a-19.47.45.png\",\"datePublished\":\"2025-05-14T18:04:11+00:00\",\"dateModified\":\"2026-03-27T19:13:43+00:00\",\"breadcrumb\":{\"@id\":\"https:\/\/ttp-organisation.org\/index.php\/produit\/mallorca-classic-2026\/#breadcrumb\"},\"inLanguage\":\"fr-FR\",\"potentialAction\":[{\"@type\":\"ReadAction\",\"target\":[\"https:\/\/ttp-organisation.org\/index.php\/produit\/mallorca-classic-2026\/\"]}]},{\"@type\":\"ImageObject\",\"inLanguage\":\"fr-FR\",\"@id\":\"https:\/\/ttp-organisation.org\/index.php\/produit\/mallorca-classic-2026\/#primaryimage\",\"url\":\"https:\/\/ttp-organisation.org\/wp-content\/uploads\/2025\/05\/Capture-decran-2025-05-14-a-19.47.45.png\",\"contentUrl\":\"https:\/\/ttp-organisation.org\/wp-content\/uploads\/2025\/05\/Capture-decran-2025-05-14-a-19.47.45.png\",\"width\":624,\"height\":625},{\"@type\":\"BreadcrumbList\",\"@id\":\"https:\/\/ttp-organisation.org\/index.php\/produit\/mallorca-classic-2026\/#breadcrumb\",\"itemListElement\":[{\"@type\":\"ListItem\",\"position\":1,\"name\":\"Accueil\",\"item\":\"https:\/\/ttp-organisation.org\/\"},{\"@type\":\"ListItem\",\"position\":2,\"name\":\"Boutique\",\"item\":\"https:\/\/ttp-organisation.org\/index.php\/boutique\/\"},{\"@type\":\"ListItem\",\"position\":3,\"name\":\"Mallorca Classic 2026\"}]},{\"@type\":\"WebSite\",\"@id\":\"https:\/\/ttp-organisation.org\/#website\",\"url\":\"https:\/\/ttp-organisation.org\/\",\"name\":\"TTP Organisation\",\"description\":\"Rallyes Historiques\",\"potentialAction\":[{\"@type\":\"SearchAction\",\"target\":{\"@type\":\"EntryPoint\",\"urlTemplate\":\"https:\/\/ttp-organisation.org\/?s={search_term_string}\"},\"query-input\":{\"@type\":\"PropertyValueSpecification\",\"valueRequired\":true,\"valueName\":\"search_term_string\"}}],\"inLanguage\":\"fr-FR\"}]}<\/script>\n<!-- \/ Yoast SEO plugin. -->","yoast_head_json":{"title":"Mallorca Classic 2026 - TTP Organisation","robots":{"index":"index","follow":"follow","max-snippet":"max-snippet:-1","max-image-preview":"max-image-preview:large","max-video-preview":"max-video-preview:-1"},"canonical":"https:\/\/ttp-organisation.org\/index.php\/produit\/mallorca-classic-2026\/","og_locale":"fr_FR","og_type":"article","og_title":"Mallorca Classic 2026 - TTP Organisation","og_description":"Total des droits d\u2019engagement : 6500\u20ac   1er acompte de 1700\u20ac d\u00e8s l'inscription (pr\u00e9inscription)  2\u00e8me acompte de 1800\u20ac au 31 janvier 2026  Le solde de 3000\u20ac au 30 mars 2026  Cet engagement couvre la prise en charge de l'\u00e9quipage de 2 personnes en pension compl\u00e8te pour la dur\u00e9e de l'\u00e9preuve, du samedi 23 mai 2026, travers\u00e9e en ferry aller et retour, en cabine ext\u00e9rieur, au samedi 30 mai 2026 au matin (tous les repas et petits d\u00e9jeuner), plaques rallye, road book, stickers, assistance m\u00e9dicale, m\u00e9canique.  Ne sont pas compris : le carburant et les taxes autorouti\u00e8res.  En cas d'annulation re\u00e7ue apr\u00e8s le 10 f\u00e9vrier 2026, aucun r\u00e8glement ne pourra \u00eatre restitu\u00e9 ou report\u00e9. Les premiers 1700\u20ac correspondants aux frais de dossier ne seront pas restitu\u00e9s.\u00a0  D\u00e9couvrez le programme et t\u00e9l\u00e9chargez le bulletin d'inscription (en description).\u00a0 \u2193","og_url":"https:\/\/ttp-organisation.org\/index.php\/produit\/mallorca-classic-2026\/","og_site_name":"TTP Organisation","article_modified_time":"2026-03-27T19:13:43+00:00","og_image":[{"width":624,"height":625,"url":"https:\/\/ttp-organisation.org\/wp-content\/uploads\/2025\/05\/Capture-decran-2025-05-14-a-19.47.45.png","type":"image\/png"}],"twitter_card":"summary_large_image","twitter_misc":{"Dur\u00e9e de lecture estim\u00e9e":"1 minute"},"schema":{"@context":"https:\/\/schema.org","@graph":[{"@type":"WebPage","@id":"https:\/\/ttp-organisation.org\/index.php\/produit\/mallorca-classic-2026\/","url":"https:\/\/ttp-organisation.org\/index.php\/produit\/mallorca-classic-2026\/","name":"Mallorca Classic 2026 - TTP Organisation","isPartOf":{"@id":"https:\/\/ttp-organisation.org\/#website"},"primaryImageOfPage":{"@id":"https:\/\/ttp-organisation.org\/index.php\/produit\/mallorca-classic-2026\/#primaryimage"},"image":{"@id":"https:\/\/ttp-organisation.org\/index.php\/produit\/mallorca-classic-2026\/#primaryimage"},"thumbnailUrl":"https:\/\/ttp-organisation.org\/wp-content\/uploads\/2025\/05\/Capture-decran-2025-05-14-a-19.47.45.png","datePublished":"2025-05-14T18:04:11+00:00","dateModified":"2026-03-27T19:13:43+00:00","breadcrumb":{"@id":"https:\/\/ttp-organisation.org\/index.php\/produit\/mallorca-classic-2026\/#breadcrumb"},"inLanguage":"fr-FR","potentialAction":[{"@type":"ReadAction","target":["https:\/\/ttp-organisation.org\/index.php\/produit\/mallorca-classic-2026\/"]}]},{"@type":"ImageObject","inLanguage":"fr-FR","@id":"https:\/\/ttp-organisation.org\/index.php\/produit\/mallorca-classic-2026\/#primaryimage","url":"https:\/\/ttp-organisation.org\/wp-content\/uploads\/2025\/05\/Capture-decran-2025-05-14-a-19.47.45.png","contentUrl":"https:\/\/ttp-organisation.org\/wp-content\/uploads\/2025\/05\/Capture-decran-2025-05-14-a-19.47.45.png","width":624,"height":625},{"@type":"BreadcrumbList","@id":"https:\/\/ttp-organisation.org\/index.php\/produit\/mallorca-classic-2026\/#breadcrumb","itemListElement":[{"@type":"ListItem","position":1,"name":"Accueil","item":"https:\/\/ttp-organisation.org\/"},{"@type":"ListItem","position":2,"name":"Boutique","item":"https:\/\/ttp-organisation.org\/index.php\/boutique\/"},{"@type":"ListItem","position":3,"name":"Mallorca Classic 2026"}]},{"@type":"WebSite","@id":"https:\/\/ttp-organisation.org\/#website","url":"https:\/\/ttp-organisation.org\/","name":"TTP Organisation","description":"Rallyes Historiques","potentialAction":[{"@type":"SearchAction","target":{"@type":"EntryPoint","urlTemplate":"https:\/\/ttp-organisation.org\/?s={search_term_string}"},"query-input":{"@type":"PropertyValueSpecification","valueRequired":true,"valueName":"search_term_string"}}],"inLanguage":"fr-FR"}]}},"jetpack_sharing_enabled":true,"_links":{"self":[{"href":"https:\/\/ttp-organisation.org\/index.php\/wp-json\/wp\/v2\/product\/1726","targetHints":{"allow":["GET"]}}],"collection":[{"href":"https:\/\/ttp-organisation.org\/index.php\/wp-json\/wp\/v2\/product"}],"about":[{"href":"https:\/\/ttp-organisation.org\/index.php\/wp-json\/wp\/v2\/types\/product"}],"wp:featuredmedia":[{"embeddable":true,"href":"https:\/\/ttp-organisation.org\/index.php\/wp-json\/wp\/v2\/media\/1725"}],"wp:attachment":[{"href":"https:\/\/ttp-organisation.org\/index.php\/wp-json\/wp\/v2\/media?parent=1726"}],"wp:term":[{"taxonomy":"product_brand","embeddable":true,"href":"https:\/\/ttp-organisation.org\/index.php\/wp-json\/wp\/v2\/product_brand?post=1726"},{"taxonomy":"product_cat","embeddable":true,"href":"https:\/\/ttp-organisation.org\/index.php\/wp-json\/wp\/v2\/product_cat?post=1726"},{"taxonomy":"product_tag","embeddable":true,"href":"https:\/\/ttp-organisation.org\/index.php\/wp-json\/wp\/v2\/product_tag?post=1726"}],"curies":[{"name":"wp","href":"https:\/\/api.w.org\/{rel}","templated":true}]}}