{"id":1746,"date":"2025-05-16T19:24:51","date_gmt":"2025-05-16T17:24:51","guid":{"rendered":"https:\/\/ttp-organisation.org\/?post_type=product&#038;p=1746"},"modified":"2025-05-17T19:27:45","modified_gmt":"2025-05-17T17:27:45","slug":"rallye-jacques-coeur-2026-2","status":"publish","type":"product","link":"https:\/\/ttp-organisation.org\/index.php\/produit\/rallye-jacques-coeur-2026-2\/","title":{"rendered":"Rallye Jacques Coeur 2026"},"content":{"rendered":"<p>D\u00e9couvrez le programme : <a href=\"https:\/\/ttp-organisation.org\/wp-content\/uploads\/2025\/05\/Programme-previsionnel-1.pdf\">Rallye Jacques Coeur 2026<\/a><br \/>\nT\u00e9l\u00e9chargez le : <a href=\"https:\/\/ttp-organisation.org\/wp-content\/uploads\/2025\/05\/BULLETIN-DINSCRIPTION-1.pdf\">Bulletin d&rsquo;inscription<\/a><\/p>\n","protected":false},"excerpt":{"rendered":"<p>Total des droits d&rsquo;engagement : 1400\u20ac<\/p>\n<ul>\n<li>Acompte de r\u00e9servation de 500\u20ac d\u00e8s l\u2019inscription (seuls les 30 premiers engagements re\u00e7us seront retenus)<\/li>\n<li>Solde de 900\u20ac \u00e0 r\u00e9gler au 31 janvier 2026 au plus tard<\/li>\n<\/ul>\n<p>Ce montant s&rsquo;entend pour 2 personnes \u00e0 partir du jeudi soir et comprennent : deux plaques rallyes et num\u00e9ros d&rsquo;ordre, le road book, l&rsquo;encadrement et l&rsquo;assistance m\u00e9canique pendant le rallye, les repas (du jeudi soir au dimanche midi), l&rsquo;h\u00e9bergement du vendredi et samedi soirs, les pauses d\u00e9gustation ainsi que des visites des sites payants.<\/p>\n<p><strong>D\u00e9couvrez le programme et t\u00e9l\u00e9chargez le bulletin d&rsquo;inscription (en description).\u00a0 \u2193<\/strong><\/p>\n","protected":false},"featured_media":1739,"template":"","meta":[],"product_brand":[],"product_cat":[17],"product_tag":[],"class_list":{"0":"post-1746","1":"product","2":"type-product","3":"status-publish","4":"has-post-thumbnail","6":"product_cat-non-classe","8":"first","9":"instock","10":"taxable","11":"shipping-taxable","12":"purchasable","13":"product-type-variable"},"yoast_head":"<!-- This site is optimized with the Yoast SEO plugin v27.1.1 - https:\/\/yoast.com\/product\/yoast-seo-wordpress\/ -->\n<title>Rallye Jacques Coeur 2026 - TTP Organisation<\/title>\n<meta name=\"robots\" content=\"index, follow, max-snippet:-1, max-image-preview:large, max-video-preview:-1\" \/>\n<link rel=\"canonical\" href=\"https:\/\/ttp-organisation.org\/index.php\/produit\/rallye-jacques-coeur-2026-2\/\" \/>\n<meta property=\"og:locale\" content=\"fr_FR\" \/>\n<meta property=\"og:type\" content=\"article\" \/>\n<meta property=\"og:title\" content=\"Rallye Jacques Coeur 2026 - TTP Organisation\" \/>\n<meta property=\"og:description\" content=\"Total des droits d&#039;engagement : 1400\u20ac   Acompte de r\u00e9servation de 500\u20ac d\u00e8s l\u2019inscription (seuls les 30 premiers engagements re\u00e7us seront retenus)  Solde de 900\u20ac \u00e0 r\u00e9gler au 31 janvier 2026 au plus tard  Ce montant s&#039;entend pour 2 personnes \u00e0 partir du jeudi soir et comprennent : deux plaques rallyes et num\u00e9ros d&#039;ordre, le road book, l&#039;encadrement et l&#039;assistance m\u00e9canique pendant le rallye, les repas (du jeudi soir au dimanche midi), l&#039;h\u00e9bergement du vendredi et samedi soirs, les pauses d\u00e9gustation ainsi que des visites des sites payants.  D\u00e9couvrez le programme et t\u00e9l\u00e9chargez le bulletin d&#039;inscription (en description).\u00a0 \u2193\" \/>\n<meta property=\"og:url\" content=\"https:\/\/ttp-organisation.org\/index.php\/produit\/rallye-jacques-coeur-2026-2\/\" \/>\n<meta property=\"og:site_name\" content=\"TTP Organisation\" \/>\n<meta property=\"article:modified_time\" content=\"2025-05-17T17:27:45+00:00\" \/>\n<meta property=\"og:image\" content=\"https:\/\/ttp-organisation.org\/wp-content\/uploads\/2025\/05\/Visuel-1.jpg\" \/>\n\t<meta property=\"og:image:width\" content=\"596\" \/>\n\t<meta property=\"og:image:height\" content=\"600\" \/>\n\t<meta property=\"og:image:type\" content=\"image\/jpeg\" \/>\n<meta name=\"twitter:card\" content=\"summary_large_image\" \/>\n<meta name=\"twitter:label1\" content=\"Dur\u00e9e de lecture estim\u00e9e\" \/>\n\t<meta name=\"twitter:data1\" content=\"1 minute\" \/>\n<script type=\"application\/ld+json\" class=\"yoast-schema-graph\">{\"@context\":\"https:\/\/schema.org\",\"@graph\":[{\"@type\":\"WebPage\",\"@id\":\"https:\/\/ttp-organisation.org\/index.php\/produit\/rallye-jacques-coeur-2026-2\/\",\"url\":\"https:\/\/ttp-organisation.org\/index.php\/produit\/rallye-jacques-coeur-2026-2\/\",\"name\":\"Rallye Jacques Coeur 2026 - TTP Organisation\",\"isPartOf\":{\"@id\":\"https:\/\/ttp-organisation.org\/#website\"},\"primaryImageOfPage\":{\"@id\":\"https:\/\/ttp-organisation.org\/index.php\/produit\/rallye-jacques-coeur-2026-2\/#primaryimage\"},\"image\":{\"@id\":\"https:\/\/ttp-organisation.org\/index.php\/produit\/rallye-jacques-coeur-2026-2\/#primaryimage\"},\"thumbnailUrl\":\"https:\/\/ttp-organisation.org\/wp-content\/uploads\/2025\/05\/Visuel-1.jpg\",\"datePublished\":\"2025-05-16T17:24:51+00:00\",\"dateModified\":\"2025-05-17T17:27:45+00:00\",\"breadcrumb\":{\"@id\":\"https:\/\/ttp-organisation.org\/index.php\/produit\/rallye-jacques-coeur-2026-2\/#breadcrumb\"},\"inLanguage\":\"fr-FR\",\"potentialAction\":[{\"@type\":\"ReadAction\",\"target\":[\"https:\/\/ttp-organisation.org\/index.php\/produit\/rallye-jacques-coeur-2026-2\/\"]}]},{\"@type\":\"ImageObject\",\"inLanguage\":\"fr-FR\",\"@id\":\"https:\/\/ttp-organisation.org\/index.php\/produit\/rallye-jacques-coeur-2026-2\/#primaryimage\",\"url\":\"https:\/\/ttp-organisation.org\/wp-content\/uploads\/2025\/05\/Visuel-1.jpg\",\"contentUrl\":\"https:\/\/ttp-organisation.org\/wp-content\/uploads\/2025\/05\/Visuel-1.jpg\",\"width\":596,\"height\":600},{\"@type\":\"BreadcrumbList\",\"@id\":\"https:\/\/ttp-organisation.org\/index.php\/produit\/rallye-jacques-coeur-2026-2\/#breadcrumb\",\"itemListElement\":[{\"@type\":\"ListItem\",\"position\":1,\"name\":\"Accueil\",\"item\":\"https:\/\/ttp-organisation.org\/\"},{\"@type\":\"ListItem\",\"position\":2,\"name\":\"Boutique\",\"item\":\"https:\/\/ttp-organisation.org\/index.php\/boutique\/\"},{\"@type\":\"ListItem\",\"position\":3,\"name\":\"Rallye Jacques Coeur 2026\"}]},{\"@type\":\"WebSite\",\"@id\":\"https:\/\/ttp-organisation.org\/#website\",\"url\":\"https:\/\/ttp-organisation.org\/\",\"name\":\"TTP Organisation\",\"description\":\"Rallyes Historiques\",\"potentialAction\":[{\"@type\":\"SearchAction\",\"target\":{\"@type\":\"EntryPoint\",\"urlTemplate\":\"https:\/\/ttp-organisation.org\/?s={search_term_string}\"},\"query-input\":{\"@type\":\"PropertyValueSpecification\",\"valueRequired\":true,\"valueName\":\"search_term_string\"}}],\"inLanguage\":\"fr-FR\"}]}<\/script>\n<!-- \/ Yoast SEO plugin. -->","yoast_head_json":{"title":"Rallye Jacques Coeur 2026 - TTP Organisation","robots":{"index":"index","follow":"follow","max-snippet":"max-snippet:-1","max-image-preview":"max-image-preview:large","max-video-preview":"max-video-preview:-1"},"canonical":"https:\/\/ttp-organisation.org\/index.php\/produit\/rallye-jacques-coeur-2026-2\/","og_locale":"fr_FR","og_type":"article","og_title":"Rallye Jacques Coeur 2026 - TTP Organisation","og_description":"Total des droits d'engagement : 1400\u20ac   Acompte de r\u00e9servation de 500\u20ac d\u00e8s l\u2019inscription (seuls les 30 premiers engagements re\u00e7us seront retenus)  Solde de 900\u20ac \u00e0 r\u00e9gler au 31 janvier 2026 au plus tard  Ce montant s'entend pour 2 personnes \u00e0 partir du jeudi soir et comprennent : deux plaques rallyes et num\u00e9ros d'ordre, le road book, l'encadrement et l'assistance m\u00e9canique pendant le rallye, les repas (du jeudi soir au dimanche midi), l'h\u00e9bergement du vendredi et samedi soirs, les pauses d\u00e9gustation ainsi que des visites des sites payants.  D\u00e9couvrez le programme et t\u00e9l\u00e9chargez le bulletin d'inscription (en description).\u00a0 \u2193","og_url":"https:\/\/ttp-organisation.org\/index.php\/produit\/rallye-jacques-coeur-2026-2\/","og_site_name":"TTP Organisation","article_modified_time":"2025-05-17T17:27:45+00:00","og_image":[{"width":596,"height":600,"url":"https:\/\/ttp-organisation.org\/wp-content\/uploads\/2025\/05\/Visuel-1.jpg","type":"image\/jpeg"}],"twitter_card":"summary_large_image","twitter_misc":{"Dur\u00e9e de lecture estim\u00e9e":"1 minute"},"schema":{"@context":"https:\/\/schema.org","@graph":[{"@type":"WebPage","@id":"https:\/\/ttp-organisation.org\/index.php\/produit\/rallye-jacques-coeur-2026-2\/","url":"https:\/\/ttp-organisation.org\/index.php\/produit\/rallye-jacques-coeur-2026-2\/","name":"Rallye Jacques Coeur 2026 - TTP Organisation","isPartOf":{"@id":"https:\/\/ttp-organisation.org\/#website"},"primaryImageOfPage":{"@id":"https:\/\/ttp-organisation.org\/index.php\/produit\/rallye-jacques-coeur-2026-2\/#primaryimage"},"image":{"@id":"https:\/\/ttp-organisation.org\/index.php\/produit\/rallye-jacques-coeur-2026-2\/#primaryimage"},"thumbnailUrl":"https:\/\/ttp-organisation.org\/wp-content\/uploads\/2025\/05\/Visuel-1.jpg","datePublished":"2025-05-16T17:24:51+00:00","dateModified":"2025-05-17T17:27:45+00:00","breadcrumb":{"@id":"https:\/\/ttp-organisation.org\/index.php\/produit\/rallye-jacques-coeur-2026-2\/#breadcrumb"},"inLanguage":"fr-FR","potentialAction":[{"@type":"ReadAction","target":["https:\/\/ttp-organisation.org\/index.php\/produit\/rallye-jacques-coeur-2026-2\/"]}]},{"@type":"ImageObject","inLanguage":"fr-FR","@id":"https:\/\/ttp-organisation.org\/index.php\/produit\/rallye-jacques-coeur-2026-2\/#primaryimage","url":"https:\/\/ttp-organisation.org\/wp-content\/uploads\/2025\/05\/Visuel-1.jpg","contentUrl":"https:\/\/ttp-organisation.org\/wp-content\/uploads\/2025\/05\/Visuel-1.jpg","width":596,"height":600},{"@type":"BreadcrumbList","@id":"https:\/\/ttp-organisation.org\/index.php\/produit\/rallye-jacques-coeur-2026-2\/#breadcrumb","itemListElement":[{"@type":"ListItem","position":1,"name":"Accueil","item":"https:\/\/ttp-organisation.org\/"},{"@type":"ListItem","position":2,"name":"Boutique","item":"https:\/\/ttp-organisation.org\/index.php\/boutique\/"},{"@type":"ListItem","position":3,"name":"Rallye Jacques Coeur 2026"}]},{"@type":"WebSite","@id":"https:\/\/ttp-organisation.org\/#website","url":"https:\/\/ttp-organisation.org\/","name":"TTP Organisation","description":"Rallyes Historiques","potentialAction":[{"@type":"SearchAction","target":{"@type":"EntryPoint","urlTemplate":"https:\/\/ttp-organisation.org\/?s={search_term_string}"},"query-input":{"@type":"PropertyValueSpecification","valueRequired":true,"valueName":"search_term_string"}}],"inLanguage":"fr-FR"}]}},"jetpack_sharing_enabled":true,"_links":{"self":[{"href":"https:\/\/ttp-organisation.org\/index.php\/wp-json\/wp\/v2\/product\/1746","targetHints":{"allow":["GET"]}}],"collection":[{"href":"https:\/\/ttp-organisation.org\/index.php\/wp-json\/wp\/v2\/product"}],"about":[{"href":"https:\/\/ttp-organisation.org\/index.php\/wp-json\/wp\/v2\/types\/product"}],"wp:featuredmedia":[{"embeddable":true,"href":"https:\/\/ttp-organisation.org\/index.php\/wp-json\/wp\/v2\/media\/1739"}],"wp:attachment":[{"href":"https:\/\/ttp-organisation.org\/index.php\/wp-json\/wp\/v2\/media?parent=1746"}],"wp:term":[{"taxonomy":"product_brand","embeddable":true,"href":"https:\/\/ttp-organisation.org\/index.php\/wp-json\/wp\/v2\/product_brand?post=1746"},{"taxonomy":"product_cat","embeddable":true,"href":"https:\/\/ttp-organisation.org\/index.php\/wp-json\/wp\/v2\/product_cat?post=1746"},{"taxonomy":"product_tag","embeddable":true,"href":"https:\/\/ttp-organisation.org\/index.php\/wp-json\/wp\/v2\/product_tag?post=1746"}],"curies":[{"name":"wp","href":"https:\/\/api.w.org\/{rel}","templated":true}]}}