{"id":1814,"date":"2025-08-31T15:16:48","date_gmt":"2025-08-31T13:16:48","guid":{"rendered":"https:\/\/ttp-organisation.org\/?post_type=product&#038;p=1814"},"modified":"2025-08-31T15:25:09","modified_gmt":"2025-08-31T13:25:09","slug":"rallye-des-cathedrales-2026","status":"publish","type":"product","link":"https:\/\/ttp-organisation.org\/index.php\/produit\/rallye-des-cathedrales-2026\/","title":{"rendered":"Rallye des Cath\u00e9drales 2026"},"content":{"rendered":"<p>D\u00e9couvrez le programme : <a href=\"https:\/\/ttp-organisation.org\/wp-content\/uploads\/2025\/08\/Rallye-des-Cathedrales-2026.pdf\">Rallye des Cath\u00e9drales 2026<\/a><br \/>\nT\u00e9l\u00e9chargez le :\u00a0<a href=\"https:\/\/ttp-organisation.org\/wp-content\/uploads\/2025\/08\/Bulletin-dinscription.pdf\">Bulletin d&rsquo;inscription<\/a><\/p>\n<p>&nbsp;<\/p>\n","protected":false},"excerpt":{"rendered":"<p><strong>31\u1d49 Rallye des Cath\u00e9drales \u2013 Cap sur le Jura !<br \/>\n<\/strong><strong>Du 9 au 13 septembre 2026<\/strong><\/p>\n<p>Total des droits d&rsquo;engagement : 1 600\u20ac<\/p>\n<ul>\n<li>Acompte de r\u00e9servation de 600\u20ac d\u00e8s l\u2019inscription<\/li>\n<li>Solde de 1 000\u20ac \u00e0 r\u00e9gler au 31 juin 2026 au plus tard<\/li>\n<\/ul>\n<div class=\"page\" title=\"Page 1\">\n<div class=\"layoutArea\">\n<div class=\"column\">\n<p>Les droits d\u2019inscription comprennent l\u2019he\u0301bergement en pension comple\u0300te pendant les 4 jours du rallye et 3 nuits au Duchet de Nanchez 3 *, l\u2019inscription a\u0300 l\u2019e\u0301preuve et ses diffe\u0301rentes manifestations annexes, le mate\u0301riel du rallye, l\u2019encadrement et l\u2019assistance technique, les visites des sites pre\u0301vus au programme.<\/p>\n<\/div>\n<\/div>\n<\/div>\n<p><strong>D\u00e9couvrez le programme et t\u00e9l\u00e9chargez le bulletin d&rsquo;inscription (en description).\u00a0 \u2193<\/strong><\/p>\n","protected":false},"featured_media":1817,"template":"","meta":[],"product_brand":[],"product_cat":[17],"product_tag":[],"class_list":{"0":"post-1814","1":"product","2":"type-product","3":"status-publish","4":"has-post-thumbnail","6":"product_cat-non-classe","8":"first","9":"instock","10":"taxable","11":"shipping-taxable","12":"purchasable","13":"product-type-variable"},"yoast_head":"<!-- This site is optimized with the Yoast SEO plugin v27.1.1 - https:\/\/yoast.com\/product\/yoast-seo-wordpress\/ -->\n<title>Rallye des Cath\u00e9drales 2026 - TTP Organisation<\/title>\n<meta name=\"robots\" content=\"index, follow, max-snippet:-1, max-image-preview:large, max-video-preview:-1\" \/>\n<link rel=\"canonical\" href=\"https:\/\/ttp-organisation.org\/index.php\/produit\/rallye-des-cathedrales-2026\/\" \/>\n<meta property=\"og:locale\" content=\"fr_FR\" \/>\n<meta property=\"og:type\" content=\"article\" \/>\n<meta property=\"og:title\" content=\"Rallye des Cath\u00e9drales 2026 - TTP Organisation\" \/>\n<meta property=\"og:description\" content=\"31\u1d49 Rallye des Cath\u00e9drales \u2013 Cap sur le Jura ! Du 9 au 13 septembre 2026  Total des droits d&#039;engagement : 1 600\u20ac   Acompte de r\u00e9servation de 600\u20ac d\u00e8s l\u2019inscription  Solde de 1 000\u20ac \u00e0 r\u00e9gler au 31 juin 2026 au plus tard      Les droits d\u2019inscription comprennent l\u2019he\u0301bergement en pension comple\u0300te pendant les 4 jours du rallye et 3 nuits au Duchet de Nanchez 3 *, l\u2019inscription a\u0300 l\u2019e\u0301preuve et ses diffe\u0301rentes manifestations annexes, le mate\u0301riel du rallye, l\u2019encadrement et l\u2019assistance technique, les visites des sites pre\u0301vus au programme.     D\u00e9couvrez le programme et t\u00e9l\u00e9chargez le bulletin d&#039;inscription (en description).\u00a0 \u2193\" \/>\n<meta property=\"og:url\" content=\"https:\/\/ttp-organisation.org\/index.php\/produit\/rallye-des-cathedrales-2026\/\" \/>\n<meta property=\"og:site_name\" content=\"TTP Organisation\" \/>\n<meta property=\"article:modified_time\" content=\"2025-08-31T13:25:09+00:00\" \/>\n<meta property=\"og:image\" content=\"https:\/\/ttp-organisation.org\/wp-content\/uploads\/2025\/08\/Rallye-des-Cathedrales-2026.jpg\" \/>\n\t<meta property=\"og:image:width\" content=\"800\" \/>\n\t<meta property=\"og:image:height\" content=\"800\" \/>\n\t<meta property=\"og:image:type\" content=\"image\/jpeg\" \/>\n<meta name=\"twitter:card\" content=\"summary_large_image\" \/>\n<meta name=\"twitter:label1\" content=\"Dur\u00e9e de lecture estim\u00e9e\" \/>\n\t<meta name=\"twitter:data1\" content=\"1 minute\" \/>\n<script type=\"application\/ld+json\" class=\"yoast-schema-graph\">{\"@context\":\"https:\/\/schema.org\",\"@graph\":[{\"@type\":\"WebPage\",\"@id\":\"https:\/\/ttp-organisation.org\/index.php\/produit\/rallye-des-cathedrales-2026\/\",\"url\":\"https:\/\/ttp-organisation.org\/index.php\/produit\/rallye-des-cathedrales-2026\/\",\"name\":\"Rallye des Cath\u00e9drales 2026 - TTP Organisation\",\"isPartOf\":{\"@id\":\"https:\/\/ttp-organisation.org\/#website\"},\"primaryImageOfPage\":{\"@id\":\"https:\/\/ttp-organisation.org\/index.php\/produit\/rallye-des-cathedrales-2026\/#primaryimage\"},\"image\":{\"@id\":\"https:\/\/ttp-organisation.org\/index.php\/produit\/rallye-des-cathedrales-2026\/#primaryimage\"},\"thumbnailUrl\":\"https:\/\/ttp-organisation.org\/wp-content\/uploads\/2025\/08\/Rallye-des-Cathedrales-2026.jpg\",\"datePublished\":\"2025-08-31T13:16:48+00:00\",\"dateModified\":\"2025-08-31T13:25:09+00:00\",\"breadcrumb\":{\"@id\":\"https:\/\/ttp-organisation.org\/index.php\/produit\/rallye-des-cathedrales-2026\/#breadcrumb\"},\"inLanguage\":\"fr-FR\",\"potentialAction\":[{\"@type\":\"ReadAction\",\"target\":[\"https:\/\/ttp-organisation.org\/index.php\/produit\/rallye-des-cathedrales-2026\/\"]}]},{\"@type\":\"ImageObject\",\"inLanguage\":\"fr-FR\",\"@id\":\"https:\/\/ttp-organisation.org\/index.php\/produit\/rallye-des-cathedrales-2026\/#primaryimage\",\"url\":\"https:\/\/ttp-organisation.org\/wp-content\/uploads\/2025\/08\/Rallye-des-Cathedrales-2026.jpg\",\"contentUrl\":\"https:\/\/ttp-organisation.org\/wp-content\/uploads\/2025\/08\/Rallye-des-Cathedrales-2026.jpg\",\"width\":800,\"height\":800,\"caption\":\"Rallye des Cathe\u0301drales 2026\"},{\"@type\":\"BreadcrumbList\",\"@id\":\"https:\/\/ttp-organisation.org\/index.php\/produit\/rallye-des-cathedrales-2026\/#breadcrumb\",\"itemListElement\":[{\"@type\":\"ListItem\",\"position\":1,\"name\":\"Accueil\",\"item\":\"https:\/\/ttp-organisation.org\/\"},{\"@type\":\"ListItem\",\"position\":2,\"name\":\"Boutique\",\"item\":\"https:\/\/ttp-organisation.org\/index.php\/boutique\/\"},{\"@type\":\"ListItem\",\"position\":3,\"name\":\"Rallye des Cath\u00e9drales 2026\"}]},{\"@type\":\"WebSite\",\"@id\":\"https:\/\/ttp-organisation.org\/#website\",\"url\":\"https:\/\/ttp-organisation.org\/\",\"name\":\"TTP Organisation\",\"description\":\"Rallyes Historiques\",\"potentialAction\":[{\"@type\":\"SearchAction\",\"target\":{\"@type\":\"EntryPoint\",\"urlTemplate\":\"https:\/\/ttp-organisation.org\/?s={search_term_string}\"},\"query-input\":{\"@type\":\"PropertyValueSpecification\",\"valueRequired\":true,\"valueName\":\"search_term_string\"}}],\"inLanguage\":\"fr-FR\"}]}<\/script>\n<!-- \/ Yoast SEO plugin. -->","yoast_head_json":{"title":"Rallye des Cath\u00e9drales 2026 - TTP Organisation","robots":{"index":"index","follow":"follow","max-snippet":"max-snippet:-1","max-image-preview":"max-image-preview:large","max-video-preview":"max-video-preview:-1"},"canonical":"https:\/\/ttp-organisation.org\/index.php\/produit\/rallye-des-cathedrales-2026\/","og_locale":"fr_FR","og_type":"article","og_title":"Rallye des Cath\u00e9drales 2026 - TTP Organisation","og_description":"31\u1d49 Rallye des Cath\u00e9drales \u2013 Cap sur le Jura ! Du 9 au 13 septembre 2026  Total des droits d'engagement : 1 600\u20ac   Acompte de r\u00e9servation de 600\u20ac d\u00e8s l\u2019inscription  Solde de 1 000\u20ac \u00e0 r\u00e9gler au 31 juin 2026 au plus tard      Les droits d\u2019inscription comprennent l\u2019he\u0301bergement en pension comple\u0300te pendant les 4 jours du rallye et 3 nuits au Duchet de Nanchez 3 *, l\u2019inscription a\u0300 l\u2019e\u0301preuve et ses diffe\u0301rentes manifestations annexes, le mate\u0301riel du rallye, l\u2019encadrement et l\u2019assistance technique, les visites des sites pre\u0301vus au programme.     D\u00e9couvrez le programme et t\u00e9l\u00e9chargez le bulletin d'inscription (en description).\u00a0 \u2193","og_url":"https:\/\/ttp-organisation.org\/index.php\/produit\/rallye-des-cathedrales-2026\/","og_site_name":"TTP Organisation","article_modified_time":"2025-08-31T13:25:09+00:00","og_image":[{"width":800,"height":800,"url":"https:\/\/ttp-organisation.org\/wp-content\/uploads\/2025\/08\/Rallye-des-Cathedrales-2026.jpg","type":"image\/jpeg"}],"twitter_card":"summary_large_image","twitter_misc":{"Dur\u00e9e de lecture estim\u00e9e":"1 minute"},"schema":{"@context":"https:\/\/schema.org","@graph":[{"@type":"WebPage","@id":"https:\/\/ttp-organisation.org\/index.php\/produit\/rallye-des-cathedrales-2026\/","url":"https:\/\/ttp-organisation.org\/index.php\/produit\/rallye-des-cathedrales-2026\/","name":"Rallye des Cath\u00e9drales 2026 - TTP Organisation","isPartOf":{"@id":"https:\/\/ttp-organisation.org\/#website"},"primaryImageOfPage":{"@id":"https:\/\/ttp-organisation.org\/index.php\/produit\/rallye-des-cathedrales-2026\/#primaryimage"},"image":{"@id":"https:\/\/ttp-organisation.org\/index.php\/produit\/rallye-des-cathedrales-2026\/#primaryimage"},"thumbnailUrl":"https:\/\/ttp-organisation.org\/wp-content\/uploads\/2025\/08\/Rallye-des-Cathedrales-2026.jpg","datePublished":"2025-08-31T13:16:48+00:00","dateModified":"2025-08-31T13:25:09+00:00","breadcrumb":{"@id":"https:\/\/ttp-organisation.org\/index.php\/produit\/rallye-des-cathedrales-2026\/#breadcrumb"},"inLanguage":"fr-FR","potentialAction":[{"@type":"ReadAction","target":["https:\/\/ttp-organisation.org\/index.php\/produit\/rallye-des-cathedrales-2026\/"]}]},{"@type":"ImageObject","inLanguage":"fr-FR","@id":"https:\/\/ttp-organisation.org\/index.php\/produit\/rallye-des-cathedrales-2026\/#primaryimage","url":"https:\/\/ttp-organisation.org\/wp-content\/uploads\/2025\/08\/Rallye-des-Cathedrales-2026.jpg","contentUrl":"https:\/\/ttp-organisation.org\/wp-content\/uploads\/2025\/08\/Rallye-des-Cathedrales-2026.jpg","width":800,"height":800,"caption":"Rallye des Cathe\u0301drales 2026"},{"@type":"BreadcrumbList","@id":"https:\/\/ttp-organisation.org\/index.php\/produit\/rallye-des-cathedrales-2026\/#breadcrumb","itemListElement":[{"@type":"ListItem","position":1,"name":"Accueil","item":"https:\/\/ttp-organisation.org\/"},{"@type":"ListItem","position":2,"name":"Boutique","item":"https:\/\/ttp-organisation.org\/index.php\/boutique\/"},{"@type":"ListItem","position":3,"name":"Rallye des Cath\u00e9drales 2026"}]},{"@type":"WebSite","@id":"https:\/\/ttp-organisation.org\/#website","url":"https:\/\/ttp-organisation.org\/","name":"TTP Organisation","description":"Rallyes Historiques","potentialAction":[{"@type":"SearchAction","target":{"@type":"EntryPoint","urlTemplate":"https:\/\/ttp-organisation.org\/?s={search_term_string}"},"query-input":{"@type":"PropertyValueSpecification","valueRequired":true,"valueName":"search_term_string"}}],"inLanguage":"fr-FR"}]}},"jetpack_sharing_enabled":true,"_links":{"self":[{"href":"https:\/\/ttp-organisation.org\/index.php\/wp-json\/wp\/v2\/product\/1814","targetHints":{"allow":["GET"]}}],"collection":[{"href":"https:\/\/ttp-organisation.org\/index.php\/wp-json\/wp\/v2\/product"}],"about":[{"href":"https:\/\/ttp-organisation.org\/index.php\/wp-json\/wp\/v2\/types\/product"}],"wp:featuredmedia":[{"embeddable":true,"href":"https:\/\/ttp-organisation.org\/index.php\/wp-json\/wp\/v2\/media\/1817"}],"wp:attachment":[{"href":"https:\/\/ttp-organisation.org\/index.php\/wp-json\/wp\/v2\/media?parent=1814"}],"wp:term":[{"taxonomy":"product_brand","embeddable":true,"href":"https:\/\/ttp-organisation.org\/index.php\/wp-json\/wp\/v2\/product_brand?post=1814"},{"taxonomy":"product_cat","embeddable":true,"href":"https:\/\/ttp-organisation.org\/index.php\/wp-json\/wp\/v2\/product_cat?post=1814"},{"taxonomy":"product_tag","embeddable":true,"href":"https:\/\/ttp-organisation.org\/index.php\/wp-json\/wp\/v2\/product_tag?post=1814"}],"curies":[{"name":"wp","href":"https:\/\/api.w.org\/{rel}","templated":true}]}}